{"id":39,"date":"2017-10-21T15:48:40","date_gmt":"2017-10-21T13:48:40","guid":{"rendered":"http:\/\/terapialevice.sk\/?page_id=39"},"modified":"2024-12-31T09:51:34","modified_gmt":"2024-12-31T08:51:34","slug":"o-nas","status":"publish","type":"page","link":"http:\/\/terapialevice.sk\/?page_id=39","title":{"rendered":"o n\u00e1s"},"content":{"rendered":"<p class=\"western\"><b>MUDr. Karol Holl\u00fd (1945);<\/b><\/p>\n<p class=\"western\">Psychiater, akupunkturista, hippoterapeut, hippol\u00f3g. Tr\u00e9ner v discipl\u00ednach jazdectva a u\u010dite\u013e jazdy a koni.<\/p>\n<p class=\"western\">Po skon\u010den\u00ed \u0161t\u00fadia v\u0161eobecnej medic\u00edny na: LFUK Bratislave (1969) pracoval na oddelen\u00ed tuberkul\u00f3zy a respira\u010dn\u00fdch chor\u00f4b ako sekund\u00e1rny lek\u00e1r a v r. 1971 nast\u00fapil na psychiatriu v PL Kremnica. Tam si urobil prv\u00fa atest\u00e1ciu z psychiatrie (1973). Koncom toho ist\u00e9ho roka za\u010dal pracova\u0165 v Psychiatrickej ambulancii NsP Ilava. Od r. 1974 prevzal primari\u00e1t psychiatrick\u00e9ho oddelenia v Dubnici nad V\u00e1hom. V roku 1978 z\u00edskal \u0161pecializ\u00e1ciu z psychiatrie II. stup\u0148a a nast\u00fapil ako prim\u00e1r do Psychiatrickej lie\u010debne v Hronovciach. Tam nesk\u00f4r robil aj riadite\u013ea, a\u017e do svojho odchodu do d\u00f4chodku v r. 2009. Odvtedy pracuje ako ambulantn\u00fd psychiater. S akupunkt\u00farou sa obozn\u00e1mil na z\u00e1kladnej vojenskej slu\u017ebe v r. 1969 a odvtedy ju \u0161tuduje a rob\u00ed. Okrem rozli\u010dn\u00fdch kurzov, m\u00e1 \u0161pecializ\u00e1ciu z akupunkt\u00fary, ktor\u00fa ukon\u010dil atest\u00e1ciou (2014). Jeho osobn\u00fdm celo\u017eivotn\u00fdm kon\u00ed\u010dkom s\u00fa kone. Je tr\u00e9ner v discipl\u00ednach jazdectva (1985. 1994); u\u010dite\u013e jazdy na koni (2011). Zalo\u017eil v PN Hronovce hippoterapeutick\u00e9 stredisko (1989), ktor\u00e9 fungovalo do r. 2023. V zariaden\u00ed pracuje ako atestovan\u00fd psychiater, licentovan\u00fd akupunkturista a garant pre lie\u010dbu akupunkt\u00farou. V 2024 si doplnil znalosti elektroakupunkt\u00fary u MUDr. Petra Ol\u0161\u00e1ka.<\/p>\n<p>Kontakt: +421 905 250 544<\/p>\n<p>e-mail: hollykarol@gmail.com<\/p>\n<p class=\"western\"><b>Mgr. Bc.&nbsp; Eva Holl\u00e1, PhD. (1971)<\/b><\/p>\n<p class=\"western\">Molekul\u00e1rna biologi\u010dka, farmakologi\u010dka, praktikantka tradi\u010dnej \u010d\u00ednskej medic\u00edny <i>(akupu<\/i><i>n<\/i><i>kt\u00fara, akupres\u00fara, tuina mas\u00e1\u017ee, bankovanie, moxi<\/i><i>b<\/i><i>uscia)<\/i>, fyzioterapeutka, hippoteraputka, u\u010dite\u013eka jazdy na koni, mas\u00e9rka.<\/p>\n<p class=\"western\">Po ukon\u010den\u00ed \u0161t\u00fadia molekul\u00e1rnej biol\u00f3gie a genetiky na Pr\u00edrodovedeckej fakulte UK v Bratislave (1994) pracovala ako vysoko\u0161kolsk\u00e1 u\u010dite\u013eka a s\u00fa\u010dasne doktorandka na farmaceutickej fakulte UK v Bratislave. Doktor\u00e1t z farmakol\u00f3gie z\u00edskala v 2004 roku. Po kr\u00e1tkom p\u00f4soben\u00ed v Eur\u00f3pskej komisii v Bruseli (2000-2001) a na univerzite UCL v Lond\u00fdne (2001) sa za\u010dala vedecky realizova\u0165 v USA, (University of Tennessee. Memphis) a v\u00fdsledky svojich pr\u00e1c publikovala v renomovan\u00fdch zahrani\u010dn\u00fdch vedeck\u00fdch \u010dasopisoch. Do vlasti sa vr\u00e1tila v r. 2006. Svoj z\u00e1ujem o zdravie \u010dloveka preniesla z laborat\u00f3ri\u00ed do praxe v Psychiatrickej nemocnici v Hronovciach, kde ho mala mo\u017enos\u0165 sk\u013abi\u0165 so svojou l\u00e1skou ku ko\u0148om a jazdeniu. Tam pracovala o.i. aj ako hippoterapeut a zaoberala sa psychoterapeutick\u00fdm jazden\u00edm. Z\u00edskala kvalifik\u00e1ciu hippoterapeutky a u\u010dite\u013eky jazdenia na koni (2009). Pri konkr\u00e9tnej pr\u00e1ci s pacientmi videla potrebu celostn\u00e9ho pr\u00edstupu k zdraviu a chorobe, preto za\u010dala \u0161tudova\u0165 na 1. \u0161kole tradi\u010dnej \u010d\u00ednskej medic\u00edny v Prahe a po \u0161tyroch rokoch \u0161t\u00fadia z\u00edskala v r. 2014 diplom praktika v tradi\u010dnej \u010d\u00ednskej medic\u00edne z Tiaj\u0165inskej univerzity T\u010cM v \u010c\u00edne. Okrem tradi\u010dn\u00fdch \u010d\u00ednskych druhov mas\u00e1\u017ee m\u00e1 kvalifik\u00e1ciu na klasick\u00fa aj \u0161portov\u00fa mas\u00e1\u017e a bankovanie (2013).&nbsp; Postgradu\u00e1lne si doplnila svoje akupunkturistick\u00e9 vzdelanie dvojro\u010dn\u00fdm \u0161t\u00fadiom kon\u0161titu\u010dnej akupunkt\u00fary (stem &amp; branches) pod veden\u00edm Rani Ayala. v zariaden\u00ed ACUART v Katowice. V r. 2021 ukon\u010dila bakal\u00e1rske \u0161t\u00fadium fyzioterapie na Trnavskej univerzite Cyrila a Metoda. V zariaden\u00ed pracuje ako mas\u00e9rka, fyzioterapeutka&nbsp; a praktikantka tradi\u010dnej \u010d\u00ednskej medic\u00edny. Pravidelne sa z\u00fa\u010dast\u0148uje superv\u00edzi\u00ed u Pavla Skrzypczaka v Chorzowe v Po\u013esku a u Tae Hunn Lie v Holandsku.<\/p>\n<p>Kontakt: +421 905 489 924<\/p>\n<p>e-mail: hollaheva@gmail.com<\/p>\n","protected":false},"excerpt":{"rendered":"<p>MUDr. Karol Holl\u00fd (1945); Psychiater, akupunkturista, hippoterapeut, hippol\u00f3g. Tr\u00e9ner v discipl\u00ednach jazdectva a u\u010dite\u013e jazdy a koni. Po skon\u010den\u00ed \u0161t\u00fadia v\u0161eobecnej medic\u00edny na: LFUK Bratislave (1969) pracoval na oddelen\u00ed tuberkul\u00f3zy a respira\u010dn\u00fdch chor\u00f4b ako sekund\u00e1rny lek\u00e1r a v r. 1971 nast\u00fapil na psychiatriu v PL Kremnica. Tam si urobil prv\u00fa atest\u00e1ciu z psychiatrie (1973). Koncom&hellip; <a class=\"more-link\" href=\"http:\/\/terapialevice.sk\/?page_id=39\">Read More <span class=\"screen-reader-text\">o n\u00e1s<\/span><\/a><\/p>\n","protected":false},"author":1,"featured_media":0,"parent":0,"menu_order":0,"comment_status":"closed","ping_status":"closed","template":"","meta":[],"_links":{"self":[{"href":"http:\/\/terapialevice.sk\/index.php?rest_route=\/wp\/v2\/pages\/39"}],"collection":[{"href":"http:\/\/terapialevice.sk\/index.php?rest_route=\/wp\/v2\/pages"}],"about":[{"href":"http:\/\/terapialevice.sk\/index.php?rest_route=\/wp\/v2\/types\/page"}],"author":[{"embeddable":true,"href":"http:\/\/terapialevice.sk\/index.php?rest_route=\/wp\/v2\/users\/1"}],"replies":[{"embeddable":true,"href":"http:\/\/terapialevice.sk\/index.php?rest_route=%2Fwp%2Fv2%2Fcomments&post=39"}],"version-history":[{"count":7,"href":"http:\/\/terapialevice.sk\/index.php?rest_route=\/wp\/v2\/pages\/39\/revisions"}],"predecessor-version":[{"id":251,"href":"http:\/\/terapialevice.sk\/index.php?rest_route=\/wp\/v2\/pages\/39\/revisions\/251"}],"wp:attachment":[{"href":"http:\/\/terapialevice.sk\/index.php?rest_route=%2Fwp%2Fv2%2Fmedia&parent=39"}],"curies":[{"name":"wp","href":"https:\/\/api.w.org\/{rel}","templated":true}]}}